{"id":255,"date":"2024-06-01T16:57:16","date_gmt":"2024-06-01T14:57:16","guid":{"rendered":"https:\/\/dzieckozwyzwaniem.pl\/?page_id=255"},"modified":"2024-06-14T19:33:42","modified_gmt":"2024-06-14T17:33:42","slug":"zaproszenie","status":"publish","type":"page","link":"https:\/\/dzieckozwyzwaniem.pl\/?page_id=255","title":{"rendered":"spotkanie z ksi\u0105\u017ck\u0105"},"content":{"rendered":"<div class=\"wp-block-image\"><figure class=\"aligncenter size-large is-resized\"><img loading=\"lazy\" decoding=\"async\" width=\"1024\" height=\"1024\" src=\"https:\/\/dzieckozwyzwaniem.pl\/wp-content\/uploads\/2024\/06\/b6-1024x1024.jpg\" alt=\"\" class=\"wp-image-323\" style=\"width:434px;height:auto\" srcset=\"https:\/\/dzieckozwyzwaniem.pl\/wp-content\/uploads\/2024\/06\/b6-1024x1024.jpg 1024w, https:\/\/dzieckozwyzwaniem.pl\/wp-content\/uploads\/2024\/06\/b6-300x300.jpg 300w, https:\/\/dzieckozwyzwaniem.pl\/wp-content\/uploads\/2024\/06\/b6-150x150.jpg 150w, https:\/\/dzieckozwyzwaniem.pl\/wp-content\/uploads\/2024\/06\/b6-768x768.jpg 768w, https:\/\/dzieckozwyzwaniem.pl\/wp-content\/uploads\/2024\/06\/b6-600x600.jpg 600w, https:\/\/dzieckozwyzwaniem.pl\/wp-content\/uploads\/2024\/06\/b6-100x100.jpg 100w, https:\/\/dzieckozwyzwaniem.pl\/wp-content\/uploads\/2024\/06\/b6.jpg 1440w\" sizes=\"auto, (max-width: 1024px) 100vw, 1024px\" \/><\/figure><\/div><div class=\"wp-block-image\"><figure class=\"aligncenter size-full is-resized\"><img loading=\"lazy\" decoding=\"async\" width=\"2048\" height=\"1536\" src=\"https:\/\/dzieckozwyzwaniem.pl\/wp-content\/uploads\/2024\/06\/b1-1.jpg\" alt=\"\" class=\"wp-image-335\" style=\"width:436px;height:auto\" srcset=\"https:\/\/dzieckozwyzwaniem.pl\/wp-content\/uploads\/2024\/06\/b1-1.jpg 2048w, https:\/\/dzieckozwyzwaniem.pl\/wp-content\/uploads\/2024\/06\/b1-1-300x225.jpg 300w, https:\/\/dzieckozwyzwaniem.pl\/wp-content\/uploads\/2024\/06\/b1-1-1024x768.jpg 1024w, https:\/\/dzieckozwyzwaniem.pl\/wp-content\/uploads\/2024\/06\/b1-1-768x576.jpg 768w, https:\/\/dzieckozwyzwaniem.pl\/wp-content\/uploads\/2024\/06\/b1-1-1536x1152.jpg 1536w, https:\/\/dzieckozwyzwaniem.pl\/wp-content\/uploads\/2024\/06\/b1-1-600x450.jpg 600w\" sizes=\"auto, (max-width: 2048px) 100vw, 2048px\" \/><figcaption class=\"wp-element-caption\">zdj\u0119cie z FB MBP w Lesznie<\/figcaption><\/figure><\/div><div class=\"wp-block-image\"><figure class=\"aligncenter size-full is-resized\"><img loading=\"lazy\" decoding=\"async\" width=\"2048\" height=\"1356\" src=\"https:\/\/dzieckozwyzwaniem.pl\/wp-content\/uploads\/2024\/06\/b12.jpg\" alt=\"\" class=\"wp-image-346\" style=\"width:444px;height:auto\" srcset=\"https:\/\/dzieckozwyzwaniem.pl\/wp-content\/uploads\/2024\/06\/b12.jpg 2048w, https:\/\/dzieckozwyzwaniem.pl\/wp-content\/uploads\/2024\/06\/b12-300x199.jpg 300w, https:\/\/dzieckozwyzwaniem.pl\/wp-content\/uploads\/2024\/06\/b12-1024x678.jpg 1024w, https:\/\/dzieckozwyzwaniem.pl\/wp-content\/uploads\/2024\/06\/b12-768x509.jpg 768w, https:\/\/dzieckozwyzwaniem.pl\/wp-content\/uploads\/2024\/06\/b12-1536x1017.jpg 1536w, https:\/\/dzieckozwyzwaniem.pl\/wp-content\/uploads\/2024\/06\/b12-600x397.jpg 600w\" sizes=\"auto, (max-width: 2048px) 100vw, 2048px\" \/><figcaption class=\"wp-element-caption\">zdj\u0119cie z FB MBP w Lesznie<\/figcaption><\/figure><\/div><div class=\"wp-block-image\"><figure class=\"aligncenter size-full is-resized\"><img loading=\"lazy\" decoding=\"async\" width=\"2048\" height=\"1536\" src=\"https:\/\/dzieckozwyzwaniem.pl\/wp-content\/uploads\/2024\/06\/b8.jpg\" alt=\"\" class=\"wp-image-342\" style=\"width:444px;height:auto\" srcset=\"https:\/\/dzieckozwyzwaniem.pl\/wp-content\/uploads\/2024\/06\/b8.jpg 2048w, https:\/\/dzieckozwyzwaniem.pl\/wp-content\/uploads\/2024\/06\/b8-300x225.jpg 300w, https:\/\/dzieckozwyzwaniem.pl\/wp-content\/uploads\/2024\/06\/b8-1024x768.jpg 1024w, https:\/\/dzieckozwyzwaniem.pl\/wp-content\/uploads\/2024\/06\/b8-768x576.jpg 768w, https:\/\/dzieckozwyzwaniem.pl\/wp-content\/uploads\/2024\/06\/b8-1536x1152.jpg 1536w, https:\/\/dzieckozwyzwaniem.pl\/wp-content\/uploads\/2024\/06\/b8-600x450.jpg 600w\" sizes=\"auto, (max-width: 2048px) 100vw, 2048px\" \/><figcaption class=\"wp-element-caption\">zdj\u0119cie z FB MBP w Lesznie<\/figcaption><\/figure><\/div><div class=\"wp-block-image\"><figure class=\"aligncenter size-full is-resized\"><img loading=\"lazy\" decoding=\"async\" width=\"1323\" height=\"2048\" src=\"https:\/\/dzieckozwyzwaniem.pl\/wp-content\/uploads\/2024\/06\/b5-1.jpg\" alt=\"\" class=\"wp-image-339\" style=\"width:447px;height:auto\" srcset=\"https:\/\/dzieckozwyzwaniem.pl\/wp-content\/uploads\/2024\/06\/b5-1.jpg 1323w, https:\/\/dzieckozwyzwaniem.pl\/wp-content\/uploads\/2024\/06\/b5-1-194x300.jpg 194w, https:\/\/dzieckozwyzwaniem.pl\/wp-content\/uploads\/2024\/06\/b5-1-662x1024.jpg 662w, https:\/\/dzieckozwyzwaniem.pl\/wp-content\/uploads\/2024\/06\/b5-1-768x1189.jpg 768w, https:\/\/dzieckozwyzwaniem.pl\/wp-content\/uploads\/2024\/06\/b5-1-992x1536.jpg 992w, https:\/\/dzieckozwyzwaniem.pl\/wp-content\/uploads\/2024\/06\/b5-1-600x929.jpg 600w\" sizes=\"auto, (max-width: 1323px) 100vw, 1323px\" \/><figcaption class=\"wp-element-caption\">zdj\u0119cie z FB MBP w Lesznie<\/figcaption><\/figure><\/div><div class=\"wp-block-image\"><figure class=\"aligncenter size-full is-resized\"><img loading=\"lazy\" decoding=\"async\" width=\"2048\" height=\"1496\" src=\"https:\/\/dzieckozwyzwaniem.pl\/wp-content\/uploads\/2024\/06\/b10.jpg\" alt=\"\" class=\"wp-image-344\" style=\"width:450px;height:auto\" srcset=\"https:\/\/dzieckozwyzwaniem.pl\/wp-content\/uploads\/2024\/06\/b10.jpg 2048w, https:\/\/dzieckozwyzwaniem.pl\/wp-content\/uploads\/2024\/06\/b10-300x219.jpg 300w, https:\/\/dzieckozwyzwaniem.pl\/wp-content\/uploads\/2024\/06\/b10-1024x748.jpg 1024w, https:\/\/dzieckozwyzwaniem.pl\/wp-content\/uploads\/2024\/06\/b10-768x561.jpg 768w, https:\/\/dzieckozwyzwaniem.pl\/wp-content\/uploads\/2024\/06\/b10-1536x1122.jpg 1536w, https:\/\/dzieckozwyzwaniem.pl\/wp-content\/uploads\/2024\/06\/b10-600x438.jpg 600w\" sizes=\"auto, (max-width: 2048px) 100vw, 2048px\" \/><figcaption class=\"wp-element-caption\">zdj\u0119cie z FB MBP w Lesznie<\/figcaption><\/figure><\/div><div class=\"wp-block-image\"><figure class=\"aligncenter size-large is-resized\"><img loading=\"lazy\" decoding=\"async\" width=\"1024\" height=\"786\" src=\"https:\/\/dzieckozwyzwaniem.pl\/wp-content\/uploads\/2024\/06\/b7-1024x786.jpg\" alt=\"\" class=\"wp-image-341\" style=\"width:458px;height:auto\" srcset=\"https:\/\/dzieckozwyzwaniem.pl\/wp-content\/uploads\/2024\/06\/b7-1024x786.jpg 1024w, https:\/\/dzieckozwyzwaniem.pl\/wp-content\/uploads\/2024\/06\/b7-300x230.jpg 300w, https:\/\/dzieckozwyzwaniem.pl\/wp-content\/uploads\/2024\/06\/b7-768x589.jpg 768w, https:\/\/dzieckozwyzwaniem.pl\/wp-content\/uploads\/2024\/06\/b7-1536x1178.jpg 1536w, https:\/\/dzieckozwyzwaniem.pl\/wp-content\/uploads\/2024\/06\/b7-600x460.jpg 600w, https:\/\/dzieckozwyzwaniem.pl\/wp-content\/uploads\/2024\/06\/b7.jpg 2048w\" sizes=\"auto, (max-width: 1024px) 100vw, 1024px\" \/><figcaption class=\"wp-element-caption\">zdj\u0119cie z FB MBP w Lesznie<\/figcaption><\/figure><\/div><div class=\"wp-block-image\"><figure class=\"aligncenter size-large is-resized\"><img loading=\"lazy\" decoding=\"async\" width=\"1024\" height=\"768\" src=\"https:\/\/dzieckozwyzwaniem.pl\/wp-content\/uploads\/2024\/06\/b3-1-1024x768.jpg\" alt=\"\" class=\"wp-image-337\" style=\"width:450px;height:auto\" srcset=\"https:\/\/dzieckozwyzwaniem.pl\/wp-content\/uploads\/2024\/06\/b3-1-1024x768.jpg 1024w, https:\/\/dzieckozwyzwaniem.pl\/wp-content\/uploads\/2024\/06\/b3-1-300x225.jpg 300w, https:\/\/dzieckozwyzwaniem.pl\/wp-content\/uploads\/2024\/06\/b3-1-768x576.jpg 768w, https:\/\/dzieckozwyzwaniem.pl\/wp-content\/uploads\/2024\/06\/b3-1-1536x1152.jpg 1536w, https:\/\/dzieckozwyzwaniem.pl\/wp-content\/uploads\/2024\/06\/b3-1-600x450.jpg 600w, https:\/\/dzieckozwyzwaniem.pl\/wp-content\/uploads\/2024\/06\/b3-1.jpg 2048w\" sizes=\"auto, (max-width: 1024px) 100vw, 1024px\" \/><figcaption class=\"wp-element-caption\">zdj\u0119cie z FB MBP w Lesznie<\/figcaption><\/figure><\/div><div class=\"wp-block-image\"><figure class=\"aligncenter size-large is-resized\"><img loading=\"lazy\" decoding=\"async\" width=\"1024\" height=\"702\" src=\"https:\/\/dzieckozwyzwaniem.pl\/wp-content\/uploads\/2024\/06\/b14-1024x702.jpg\" alt=\"\" class=\"wp-image-348\" style=\"width:452px;height:auto\" srcset=\"https:\/\/dzieckozwyzwaniem.pl\/wp-content\/uploads\/2024\/06\/b14-1024x702.jpg 1024w, https:\/\/dzieckozwyzwaniem.pl\/wp-content\/uploads\/2024\/06\/b14-300x206.jpg 300w, https:\/\/dzieckozwyzwaniem.pl\/wp-content\/uploads\/2024\/06\/b14-768x527.jpg 768w, https:\/\/dzieckozwyzwaniem.pl\/wp-content\/uploads\/2024\/06\/b14-1536x1053.jpg 1536w, https:\/\/dzieckozwyzwaniem.pl\/wp-content\/uploads\/2024\/06\/b14-600x411.jpg 600w, https:\/\/dzieckozwyzwaniem.pl\/wp-content\/uploads\/2024\/06\/b14.jpg 1680w\" sizes=\"auto, (max-width: 1024px) 100vw, 1024px\" \/><figcaption class=\"wp-element-caption\">zdj\u0119cie z FB MBP w Lesznie<\/figcaption><\/figure><\/div><div class=\"wp-block-image\"><figure class=\"aligncenter size-full is-resized\"><img loading=\"lazy\" decoding=\"async\" width=\"900\" height=\"900\" src=\"https:\/\/dzieckozwyzwaniem.pl\/wp-content\/uploads\/2024\/06\/b4.jpg\" alt=\"\" class=\"wp-image-321\" style=\"width:453px;height:auto\" srcset=\"https:\/\/dzieckozwyzwaniem.pl\/wp-content\/uploads\/2024\/06\/b4.jpg 900w, https:\/\/dzieckozwyzwaniem.pl\/wp-content\/uploads\/2024\/06\/b4-300x300.jpg 300w, https:\/\/dzieckozwyzwaniem.pl\/wp-content\/uploads\/2024\/06\/b4-150x150.jpg 150w, https:\/\/dzieckozwyzwaniem.pl\/wp-content\/uploads\/2024\/06\/b4-768x768.jpg 768w, https:\/\/dzieckozwyzwaniem.pl\/wp-content\/uploads\/2024\/06\/b4-600x600.jpg 600w, https:\/\/dzieckozwyzwaniem.pl\/wp-content\/uploads\/2024\/06\/b4-100x100.jpg 100w\" sizes=\"auto, (max-width: 900px) 100vw, 900px\" \/><figcaption class=\"wp-element-caption\">zdj\u0119cie z FB MBP w Lesznie<\/figcaption><\/figure><\/div><div class=\"wp-block-image\"><figure class=\"aligncenter size-full is-resized\"><img loading=\"lazy\" decoding=\"async\" width=\"840\" height=\"840\" src=\"https:\/\/dzieckozwyzwaniem.pl\/wp-content\/uploads\/2024\/06\/b3.jpg\" alt=\"\" class=\"wp-image-320\" style=\"width:458px;height:auto\" srcset=\"https:\/\/dzieckozwyzwaniem.pl\/wp-content\/uploads\/2024\/06\/b3.jpg 840w, https:\/\/dzieckozwyzwaniem.pl\/wp-content\/uploads\/2024\/06\/b3-300x300.jpg 300w, https:\/\/dzieckozwyzwaniem.pl\/wp-content\/uploads\/2024\/06\/b3-150x150.jpg 150w, https:\/\/dzieckozwyzwaniem.pl\/wp-content\/uploads\/2024\/06\/b3-768x768.jpg 768w, https:\/\/dzieckozwyzwaniem.pl\/wp-content\/uploads\/2024\/06\/b3-600x600.jpg 600w, https:\/\/dzieckozwyzwaniem.pl\/wp-content\/uploads\/2024\/06\/b3-100x100.jpg 100w\" sizes=\"auto, (max-width: 840px) 100vw, 840px\" \/><\/figure><\/div><div class=\"wp-block-image\"><figure class=\"aligncenter size-full is-resized\"><img loading=\"lazy\" decoding=\"async\" width=\"862\" height=\"654\" src=\"https:\/\/dzieckozwyzwaniem.pl\/wp-content\/uploads\/2024\/06\/b13.jpg\" alt=\"\" class=\"wp-image-347\" style=\"width:464px;height:auto\" srcset=\"https:\/\/dzieckozwyzwaniem.pl\/wp-content\/uploads\/2024\/06\/b13.jpg 862w, https:\/\/dzieckozwyzwaniem.pl\/wp-content\/uploads\/2024\/06\/b13-300x228.jpg 300w, https:\/\/dzieckozwyzwaniem.pl\/wp-content\/uploads\/2024\/06\/b13-768x583.jpg 768w, https:\/\/dzieckozwyzwaniem.pl\/wp-content\/uploads\/2024\/06\/b13-600x455.jpg 600w\" sizes=\"auto, (max-width: 862px) 100vw, 862px\" \/><figcaption class=\"wp-element-caption\">zdj\u0119cie z FB MBP w Lesznie<\/figcaption><\/figure><\/div><div class=\"wp-block-image\"><figure class=\"aligncenter size-large is-resized\"><img loading=\"lazy\" decoding=\"async\" width=\"1024\" height=\"768\" src=\"https:\/\/dzieckozwyzwaniem.pl\/wp-content\/uploads\/2024\/06\/b2-1-1024x768.jpg\" alt=\"\" class=\"wp-image-336\" style=\"width:469px;height:auto\" srcset=\"https:\/\/dzieckozwyzwaniem.pl\/wp-content\/uploads\/2024\/06\/b2-1-1024x768.jpg 1024w, https:\/\/dzieckozwyzwaniem.pl\/wp-content\/uploads\/2024\/06\/b2-1-300x225.jpg 300w, https:\/\/dzieckozwyzwaniem.pl\/wp-content\/uploads\/2024\/06\/b2-1-768x576.jpg 768w, https:\/\/dzieckozwyzwaniem.pl\/wp-content\/uploads\/2024\/06\/b2-1-1536x1152.jpg 1536w, https:\/\/dzieckozwyzwaniem.pl\/wp-content\/uploads\/2024\/06\/b2-1-600x450.jpg 600w, https:\/\/dzieckozwyzwaniem.pl\/wp-content\/uploads\/2024\/06\/b2-1.jpg 1734w\" sizes=\"auto, (max-width: 1024px) 100vw, 1024px\" \/><figcaption class=\"wp-element-caption\">zdj\u0119cie z FB MBP w Lesznie<\/figcaption><\/figure><\/div><div class=\"wp-block-image\"><figure class=\"aligncenter size-full is-resized\"><img loading=\"lazy\" decoding=\"async\" width=\"705\" height=\"704\" src=\"https:\/\/dzieckozwyzwaniem.pl\/wp-content\/uploads\/2024\/06\/b5.jpg\" alt=\"\" class=\"wp-image-322\" style=\"width:473px;height:auto\" srcset=\"https:\/\/dzieckozwyzwaniem.pl\/wp-content\/uploads\/2024\/06\/b5.jpg 705w, https:\/\/dzieckozwyzwaniem.pl\/wp-content\/uploads\/2024\/06\/b5-300x300.jpg 300w, https:\/\/dzieckozwyzwaniem.pl\/wp-content\/uploads\/2024\/06\/b5-150x150.jpg 150w, https:\/\/dzieckozwyzwaniem.pl\/wp-content\/uploads\/2024\/06\/b5-600x599.jpg 600w, https:\/\/dzieckozwyzwaniem.pl\/wp-content\/uploads\/2024\/06\/b5-100x100.jpg 100w\" sizes=\"auto, (max-width: 705px) 100vw, 705px\" \/><\/figure><\/div>","protected":false},"excerpt":{"rendered":"","protected":false},"author":2,"featured_media":0,"parent":0,"menu_order":0,"comment_status":"closed","ping_status":"closed","template":"","meta":{"_kad_post_transparent":"","_kad_post_title":"","_kad_post_layout":"","_kad_post_sidebar_id":"","_kad_post_content_style":"","_kad_post_vertical_padding":"","_kad_post_feature":"","_kad_post_feature_position":"","_kad_post_header":false,"_kad_post_footer":false,"_kad_post_classname":"","jetpack_post_was_ever_published":false,"footnotes":""},"class_list":["post-255","page","type-page","status-publish","hentry"],"jetpack_sharing_enabled":true,"_links":{"self":[{"href":"https:\/\/dzieckozwyzwaniem.pl\/index.php?rest_route=\/wp\/v2\/pages\/255","targetHints":{"allow":["GET"]}}],"collection":[{"href":"https:\/\/dzieckozwyzwaniem.pl\/index.php?rest_route=\/wp\/v2\/pages"}],"about":[{"href":"https:\/\/dzieckozwyzwaniem.pl\/index.php?rest_route=\/wp\/v2\/types\/page"}],"author":[{"embeddable":true,"href":"https:\/\/dzieckozwyzwaniem.pl\/index.php?rest_route=\/wp\/v2\/users\/2"}],"replies":[{"embeddable":true,"href":"https:\/\/dzieckozwyzwaniem.pl\/index.php?rest_route=%2Fwp%2Fv2%2Fcomments&post=255"}],"version-history":[{"count":5,"href":"https:\/\/dzieckozwyzwaniem.pl\/index.php?rest_route=\/wp\/v2\/pages\/255\/revisions"}],"predecessor-version":[{"id":350,"href":"https:\/\/dzieckozwyzwaniem.pl\/index.php?rest_route=\/wp\/v2\/pages\/255\/revisions\/350"}],"wp:attachment":[{"href":"https:\/\/dzieckozwyzwaniem.pl\/index.php?rest_route=%2Fwp%2Fv2%2Fmedia&parent=255"}],"curies":[{"name":"wp","href":"https:\/\/api.w.org\/{rel}","templated":true}]}}