{"id":9,"date":"2024-04-05T11:15:47","date_gmt":"2024-04-05T09:15:47","guid":{"rendered":"http:\/\/dzieckozwyzwaniem.pl\/?page_id=9"},"modified":"2024-05-06T20:04:57","modified_gmt":"2024-05-06T18:04:57","slug":"refund_returns","status":"publish","type":"page","link":"https:\/\/dzieckozwyzwaniem.pl\/?page_id=9","title":{"rendered":"regulamin sklepu"},"content":{"rendered":"<p><h3>Postanowienia og\u00f3lne<\/h3><\/p><p>Sklep dzieckozwyzwaniem.pl dzia\u0142a na zasadach okre\u015blonych w niniejszym regulaminie.<\/p><p>W sprawach nieuregulowanych w&nbsp;niniejszym Regulaminie maj\u0105 zastosowanie przepisy:<\/p><ol class=\"wp-block-list\"><li>ustawy o&nbsp;\u015bwiadczeniu us\u0142ug drog\u0105 elektroniczn\u0105 z&nbsp;dnia 18 lipca 2002 r.,<\/li>\n\n<li>ustawy o&nbsp;prawach konsumenta z&nbsp;dnia 30 maja 2014 r.,<\/li>\n\n<li>ustawy o&nbsp;pozas\u0105dowym rozwi\u0105zywaniu spor\u00f3w konsumenckich z&nbsp;dnia 23 wrze\u015bnia 2016 r.,<\/li>\n\n<li>ustawy Kodeks cywilny z&nbsp;dnia 23 kwietnia 1964 r. oraz inne w\u0142a\u015bciwe przepisy prawa polskiego.<\/li><\/ol><p><h3>Definicje<\/h3><\/p><ol class=\"wp-block-list\"><li><strong>FORMULARZ ZAM\u00d3WIENIA<\/strong>&nbsp;\u2013 formularz dost\u0119pny na&nbsp;stronie internetowej www.dzieckozwyzwaniem.pl umo\u017cliwiaj\u0105cy z\u0142o\u017cenie Zam\u00f3wienia.<\/li>\n\n<li><strong>KLIENT<\/strong>&nbsp;\u2013 Us\u0142ugobiorca, kt\u00f3ry zamierza zawrze\u0107 lub zawar\u0142 Umow\u0119 Sprzeda\u017cy ze&nbsp;Sprzedawc\u0105.<\/li>\n\n<li><strong>SPRZEDAWCA \/ US\u0141UGODAWCA&nbsp;<\/strong>&#8211; Polish Language Services Grzegorz Lewandowski, ul. Miko\u0142aja Kopernika 8, 64-100 Leszno, NIP 6972027834, REGON 302081335<\/li>\n\n<li><strong>PRODUKT<\/strong>&nbsp;\u2013 dost\u0119pna w&nbsp;Sklepie rzecz ruchoma b\u0119d\u0105ca przedmiotem Umowy Sprzeda\u017cy mi\u0119dzy Klientem a Sprzedawc\u0105.<\/li>\n\n<li><strong>REGULAMIN<\/strong>&nbsp;&#8211; niniejszy regulamin Sklepu.<\/li>\n\n<li><strong>SKLEP<\/strong>&nbsp;&#8211; Sklep internetowy Us\u0142ugodawcy dzia\u0142aj\u0105cy pod adresem www.dzieckozwyzwaniem.pl.<\/li>\n\n<li><strong>UMOWA SPRZEDA\u017bY<\/strong>&nbsp;\u2013 Umowa Sprzeda\u017cy Produktu zawarta mi\u0119dzy Klientem, a Sprzedawc\u0105 za&nbsp;po\u015brednictwem Sklepu.<\/li>\n\n<li><strong>ZAM\u00d3WIENIE<\/strong>&nbsp;&#8211; o\u015bwiadczenie woli Klienta stanowi\u0105ce ofert\u0119 zawarcia Umowy Sprzeda\u017cy Produktu ze&nbsp;Sprzedawc\u0105.<\/li>\n\n<li><strong>CENA&nbsp;<\/strong>\u2013 warto\u015b\u0107 wyra\u017cona w&nbsp;jednostkach pieni\u0119\u017cnych, kt\u00f3r\u0105 Klient jest obowi\u0105zany zap\u0142aci\u0107 Sprzedawcy za&nbsp;Produkt.<\/li><\/ol><p><h3>Informacje dotycz\u0105ce produkt\u00f3w oraz ich zamawiania<\/h3><\/p><ol class=\"wp-block-list\"><li>Sklep www.dzieckozwyzwaniem.pl prowadzi sprzeda\u017c Produkt\u00f3w za&nbsp;po\u015brednictwem sieci Internet.<\/li>\n\n<li>Produkty oferowane w&nbsp;Sklepie s\u0105 nowe, zgodne z&nbsp;umow\u0105 i&nbsp;zosta\u0142y legalnie wprowadzone na&nbsp;rynek polski.<\/li>\n\n<li>Informacje znajduj\u0105ce si\u0119 na&nbsp;stronach internetowych Sklepu nie stanowi\u0105 oferty w&nbsp;rozumieniu przepis\u00f3w prawa. Klient, sk\u0142adaj\u0105c Zam\u00f3wienie, sk\u0142ada ofert\u0119 kupna okre\u015blonego Produktu na warunkach podanych w&nbsp;jego opisie.<\/li>\n\n<li>Cena Produktu uwidoczniona na&nbsp;stronie internetowej Sklepu podana jest w&nbsp;z\u0142otych polskich (PLN) i&nbsp;zawiera wszystkie sk\u0142adniki. Cena nie zawiera koszt\u00f3w dostawy.<\/li>\n\n<li>Zam\u00f3wienia mo\u017cna sk\u0142ada\u0107 poprzez witryn\u0119 internetow\u0105 za&nbsp;pomoc\u0105 Formularza Zam\u00f3wie\u0144 (Sklep www.dzieckozwyzwaniem.pl) \u2013 24 godziny na&nbsp;dob\u0119 przez ca\u0142y rok.<\/li>\n\n<li>Warunkiem z\u0142o\u017cenia Zam\u00f3wienia w&nbsp;Sklepie przez Klienta jest zapoznanie si\u0119 z&nbsp;Regulaminem i&nbsp;akceptacja jego postanowie\u0144 w&nbsp;czasie sk\u0142adania Zam\u00f3wienia.<\/li><\/ol><p><h3>Zawarcie Umowy Sprzeda\u017cy<\/h3><\/p><ol class=\"wp-block-list\"><li>Do zawarcia Umowy Sprzeda\u017cy, niezb\u0119dne jest wcze\u015bniejsze z\u0142o\u017cenie przez Klienta Zam\u00f3wienia w Sklepie www.dzieckozwyzwaniem.pl<\/li>\n\n<li>Po z\u0142o\u017ceniu Zam\u00f3wienia Sprzedawca niezw\u0142ocznie potwierdza jego otrzymanie.<\/li>\n\n<li>Potwierdzenie przyj\u0119cia Zam\u00f3wienia, o&nbsp;kt\u00f3rym mowa w&nbsp;pkt 2 niniejszego paragrafu powoduje zwi\u0105zanie Klienta jego Zam\u00f3wieniem. Potwierdzenie otrzymania Zam\u00f3wienia nast\u0119puje poprzez przes\u0142anie wiadomo\u015bci e-mail.<\/li>\n\n<li>Z chwil\u0105 otrzymania przez Klienta ww. wiadomo\u015bci e-mail zostaje zawarta Umowa Sprzeda\u017cy mi\u0119dzy Klientem, a Sprzedawc\u0105.<\/li><\/ol><p><h3>Spos\u00f3b p\u0142atno\u015bci<\/h3><\/p><ol class=\"wp-block-list\"><li>Sprzedawca udost\u0119pnia p\u0142atno\u015b\u0107 przelewem tradycyjnym na\u00a0rachunek bankowy Sprzedawcy: <br>Polish Language Services <br>mBank SA 70 1140 2017 0000 4502 1290 4317<\/li>\n\n<li>W&nbsp;tytule przelewu nale\u017cy wpisa\u0107 \u201eZam\u00f3wienie nr \u2026\u201d.<\/li>\n\n<li>Klient zobowi\u0105zany jest do&nbsp;dokonania zap\u0142aty ceny z&nbsp;tytu\u0142u Umowy Sprzeda\u017cy w&nbsp;terminie 3 dni roboczych od dnia jej zawarcia.<\/li>\n\n<li>Produkt zostanie wys\u0142any po op\u0142aceniu zam\u00f3wienia.<\/li><\/ol><p><h3>Koszt, termin i sposoby dostawy Produktu<\/h3><\/p><ol class=\"wp-block-list\"><li>Koszty dostawy Produktu, kt\u00f3re pokrywa Klient, s\u0105 ustalane w&nbsp;trakcie procesu sk\u0142adania Zam\u00f3wienia.<\/li>\n\n<li>Na termin dostawy Produktu sk\u0142ada si\u0119 czas kompletowania Produktu oraz czas dostawy Produktu przez przewo\u017anika:<ul class=\"wp-block-list\"><li>czas kompletowania Produkt\u00f3w wynosi do 3 dni roboczych,<\/li>\n\n<li>dostawa Produkt\u00f3w stanowi\u0105cych rzeczy ruchome przez przewo\u017anika nast\u0119puje w&nbsp;terminie przez niego deklarowanym tj. 3 dni roboczych od momentu nadania przesy\u0142ki (dostawa nast\u0119puje wy\u0142\u0105cznie w&nbsp;dni robocze z&nbsp;wy\u0142\u0105czeniem sob\u00f3t, niedziel i&nbsp;\u015bwi\u0105t).<\/li><\/ul><\/li>\n\n<li>Zakupione w\u00a0Sklepie Produkty s\u0105 wysy\u0142ane wy\u0142\u0105cznie na\u00a0terenie Polski za\u00a0po\u015brednictwem Poczty Polskiej.<\/li><\/ol><p><h3>Prawo odst\u0105pienia od Umowy<\/h3><\/p><p>Zgodnie z obowi\u0105zuj\u0105cymi przepisami, w ci\u0105gu 14 dni kalendarzowych od daty odebrania przesy\u0142ki, Klient ma prawo do zwrotu zakupionego Produktu bez podania przyczyn w ramach odst\u0105pienia od umowy, wed\u0142ug og\u00f3lnych zasad wynikaj\u0105cych z przepis\u00f3w dotycz\u0105cych zawierania um\u00f3w na odleg\u0142o\u015b\u0107.&nbsp;<\/p><ol class=\"wp-block-list\"><li>W wypadku odst\u0105pienia od umowy Klient ponosi bezpo\u015brednie koszty zwrotu Produktu.<\/li>\n\n<li>Zwrot wraz z o\u015bwiadczeniem o odst\u0105pieniu od Umowy nale\u017cy odes\u0142a\u0107 na adres: Agnieszka Adamczak, ul. Ostroroga 78\/1, 64-100 Leszno<\/li>\n\n<li>Zwracany Produkt nie mo\u017ce nosi\u0107 \u015blad\u00f3w u\u017cywania.&nbsp;W przypadku niespe\u0142nienia tego warunku, zwrot nie zostanie przyj\u0119ty, a Produkt b\u0119dzie odes\u0142any.<\/li>\n\n<li>Po sprawdzeniu stanu zwracanego Produktu, nie p\u00f3\u017aniej ni\u017c w ci\u0105gu 14 dni, zostanie dokonany zwrot pieni\u0119dzy, na konto wskazane w o\u015bwiadczeniu o odst\u0105pieniu od Umowy lub, w przypadku braku takiego wskazania, na konto, z kt\u00f3rego nast\u0105pi\u0142a p\u0142atno\u015b\u0107 w momencie zakupu Produktu.<\/li><\/ol><p><h3>Us\u0142ugi Elektroniczne<\/h3><\/p><ol class=\"wp-block-list\"><li>Us\u0142ugodawca umo\u017cliwia za&nbsp;po\u015brednictwem Sklepu korzystanie z&nbsp;Us\u0142ugi Elektronicznej jak\u0105 jest zawieranie Um\u00f3w Sprzeda\u017cy Produktu.<\/li>\n\n<li>\u015awiadczenie Us\u0142ugi Elektronicznej na&nbsp;rzecz Us\u0142ugobiorc\u00f3w w&nbsp;Sklepie odbywa si\u0119 na&nbsp;warunkach okre\u015blonych w&nbsp;Regulaminie.<\/li>\n\n<li>Us\u0142ugodawca ma&nbsp;prawo do&nbsp;zamieszczania na&nbsp;stronie internetowej Sklepu tre\u015bci reklamowych. Tre\u015bci te, stanowi\u0105 integraln\u0105 cz\u0119\u015b\u0107 Sklepu i&nbsp;prezentowanych w&nbsp;nim materia\u0142\u00f3w.<\/li>\n\n<li>\u015awiadczenie Us\u0142ugi Elektronicznej przez Us\u0142ugodawc\u0119 jest nieodp\u0142atne.<\/li>\n\n<li>Umowa o&nbsp;\u015bwiadczenie Us\u0142ugi Elektronicznej polegaj\u0105cej na&nbsp;umo\u017cliwieniu z\u0142o\u017cenia Zam\u00f3wienia w&nbsp;Sklepie zawierana jest na&nbsp;czas oznaczony i&nbsp;ulega rozwi\u0105zaniu z&nbsp;chwil\u0105 z\u0142o\u017cenia Zam\u00f3wienia albo zaprzestania jego sk\u0142adania przez Us\u0142ugobiorc\u0119.<\/li>\n\n<li>Wymagania techniczne niezb\u0119dne do&nbsp;wsp\u00f3\u0142pracy z&nbsp;systemem teleinformatycznym, kt\u00f3rym pos\u0142uguje si\u0119 Us\u0142ugodawca:<ol class=\"wp-block-list\"><li>komputer (lub urz\u0105dzenie mobilne) z&nbsp;dost\u0119pem do&nbsp;Internetu,<\/li>\n\n<li>dost\u0119p do&nbsp;poczty elektronicznej,<\/li>\n\n<li>przegl\u0105darka internetowa,<\/li>\n\n<li>w\u0142\u0105czenie w&nbsp;przegl\u0105darce internetowej Cookies oraz Javascript.<\/li><\/ol><\/li>\n\n<li>Us\u0142ugobiorca zobowi\u0105zany jest do&nbsp;korzystania ze&nbsp;Sklepu w&nbsp;spos\u00f3b zgodny z&nbsp;prawem i&nbsp;dobrymi obyczajami maj\u0105c na&nbsp;uwadze poszanowanie d\u00f3br osobistych i&nbsp;praw w\u0142asno\u015bci intelektualnej os\u00f3b trzecich.<\/li>\n\n<li>Us\u0142ugobiorca zobowi\u0105zany jest do&nbsp;wprowadzania danych zgodnych ze&nbsp;stanem faktycznym.<\/li><\/ol><p><h3>Postanowienia ko\u0144cowe<\/h3><\/p><ol class=\"wp-block-list\"><li>Umowy zawierane poprzez Sklep zawierane s\u0105 zgodnie z&nbsp;prawem polskim.<\/li>\n\n<li>W przypadku niezgodno\u015bci jakiejkolwiek cz\u0119\u015bci Regulaminu z obowi\u0105zuj\u0105cym prawem, w&nbsp;miejsce zakwestionowanego przepisu Regulaminu zastosowanie maj\u0105 w\u0142a\u015bciwe przepisy prawa polskiego.<\/li>\n\n<li>Wszelkie spory wynik\u0142e z&nbsp;Um\u00f3w Sprzeda\u017cy mi\u0119dzy Sklepem, a Konsumentami b\u0119d\u0105 rozstrzygane w&nbsp;pierwszej kolejno\u015bci na&nbsp;drodze negocjacji, z&nbsp;intencj\u0105 polubownego zako\u0144czenia sporu, z&nbsp;uwzgl\u0119dnieniem ustawy o&nbsp;pozas\u0105dowym rozwi\u0105zywaniu spor\u00f3w konsumenckich. Je\u015bli jednak nie by\u0142oby to mo\u017cliwe, lub te\u017c by\u0142oby niesatysfakcjonuj\u0105ce dla kt\u00f3rejkolwiek ze&nbsp;stron, spory b\u0119d\u0105 rozstrzygane przez w\u0142a\u015bciwy s\u0105d powszechny.<\/li><\/ol><p><\/p>","protected":false},"excerpt":{"rendered":"<p>Postanowienia og\u00f3lne Sklep dzieckozwyzwaniem.pl dzia\u0142a na zasadach okre\u015blonych w niniejszym regulaminie. W sprawach nieuregulowanych w&nbsp;niniejszym Regulaminie maj\u0105 zastosowanie przepisy: Definicje Informacje dotycz\u0105ce produkt\u00f3w oraz ich zamawiania Zawarcie Umowy Sprzeda\u017cy Spos\u00f3b p\u0142atno\u015bci Koszt, termin i sposoby dostawy Produktu Prawo odst\u0105pienia od Umowy Zgodnie z obowi\u0105zuj\u0105cymi przepisami, w ci\u0105gu 14 dni kalendarzowych od daty odebrania przesy\u0142ki, Klient&#8230;<\/p>\n","protected":false},"author":1,"featured_media":0,"parent":0,"menu_order":0,"comment_status":"closed","ping_status":"closed","template":"","meta":{"_kad_post_transparent":"","_kad_post_title":"","_kad_post_layout":"","_kad_post_sidebar_id":"","_kad_post_content_style":"","_kad_post_vertical_padding":"","_kad_post_feature":"","_kad_post_feature_position":"","_kad_post_header":false,"_kad_post_footer":false,"_kad_post_classname":"","jetpack_post_was_ever_published":false,"footnotes":""},"class_list":["post-9","page","type-page","status-publish","hentry"],"jetpack_sharing_enabled":true,"_links":{"self":[{"href":"https:\/\/dzieckozwyzwaniem.pl\/index.php?rest_route=\/wp\/v2\/pages\/9","targetHints":{"allow":["GET"]}}],"collection":[{"href":"https:\/\/dzieckozwyzwaniem.pl\/index.php?rest_route=\/wp\/v2\/pages"}],"about":[{"href":"https:\/\/dzieckozwyzwaniem.pl\/index.php?rest_route=\/wp\/v2\/types\/page"}],"author":[{"embeddable":true,"href":"https:\/\/dzieckozwyzwaniem.pl\/index.php?rest_route=\/wp\/v2\/users\/1"}],"replies":[{"embeddable":true,"href":"https:\/\/dzieckozwyzwaniem.pl\/index.php?rest_route=%2Fwp%2Fv2%2Fcomments&post=9"}],"version-history":[{"count":5,"href":"https:\/\/dzieckozwyzwaniem.pl\/index.php?rest_route=\/wp\/v2\/pages\/9\/revisions"}],"predecessor-version":[{"id":206,"href":"https:\/\/dzieckozwyzwaniem.pl\/index.php?rest_route=\/wp\/v2\/pages\/9\/revisions\/206"}],"wp:attachment":[{"href":"https:\/\/dzieckozwyzwaniem.pl\/index.php?rest_route=%2Fwp%2Fv2%2Fmedia&parent=9"}],"curies":[{"name":"wp","href":"https:\/\/api.w.org\/{rel}","templated":true}]}}