{"id":28,"date":"2024-04-03T12:35:19","date_gmt":"2024-04-03T10:35:19","guid":{"rendered":"https:\/\/dzieckozwyzwaniem.pl\/?post_type=product&#038;p=28"},"modified":"2024-08-22T13:00:34","modified_gmt":"2024-08-22T11:00:34","slug":"dziecko-z-wyzwaniem-czyli-o-elfie-od-empatii","status":"publish","type":"product","link":"https:\/\/dzieckozwyzwaniem.pl\/?product=dziecko-z-wyzwaniem-czyli-o-elfie-od-empatii","title":{"rendered":"&#8222;Dziecko z wyzwaniem, czyli o elfie od empatii&#8221;"},"content":{"rendered":"<p>Ksi\u0105\u017cka jest zapisem codzienno\u015bci \u2013 wra\u017ce\u0144, zmaga\u0144 i refleksji towarzysz\u0105cych posiadaniu dziecka z rzadk\u0105 chorob\u0105 genetyczn\u0105 (zespo\u0142em Williamsa-Beurena).<\/p>\n<p>Nie jest to studium przypadku, poradnik czy pozycja naukowa. Bli\u017cej jej do zbioru opowie\u015bci i przemy\u015ble\u0144, historyjek i anegdot, wspomnie\u0144 i rozwa\u017ca\u0144.<\/p>\n<p>Prezentuje krzepi\u0105c\u0105 perspektyw\u0119 na bycie rodzicem dziecka niepe\u0142nosprawnego (i bycie rodzicem w og\u00f3le). Ukazuje, jak ograniczenia i trudno\u015bci wynikaj\u0105ce z choroby paradoksalnie powoduj\u0105 pe\u0142niejsze \u017cycie. \u017bycie samego dziecka jak i ludzi b\u0119d\u0105cych blisko niego.<\/p>\n<p><strong>Ksi\u0105\u017cka \u201eDziecko z wyzwaniem, czyli o elfie od empatii\u201d mo\u017ce stanowi\u0107 inspiracj\u0119 do zmiany optyki na to, co przynosi nam \u017cycie. Bawi i wzrusza. Zach\u0119ca do \u0142apania dystansu i praktykowania wdzi\u0119czno\u015bci za to, co jest.<\/strong><\/p>\n<p>Misj\u0105 tej ksi\u0105\u017cki jest tak\u017ce szerzenie idei empatycznej komunikacji. Zach\u0119cenie ludzi do budowania wzajemnych relacji w oparciu o wzajemny szacunek i wsp\u00f3\u0142czucie.<\/p>\n","protected":false},"excerpt":{"rendered":"<p>Ksi\u0105\u017cka &#8222;Dziecko z wyzwaniem, czyli o elfie od empatii&#8221; to zaproszenie do specyficznego \u015bwiata. \u015awiata, kt\u00f3ry pomimo rzadkiej choroby genetycznej dziecka (zespo\u0142u Williamsa &#8211; Beurena) i wynikaj\u0105cych z niej trudno\u015bci, pe\u0142en jest optymizmu, empatii i nadziei. <\/p>\n","protected":false},"featured_media":180,"comment_status":"open","ping_status":"closed","template":"","meta":{"_kad_post_transparent":"","_kad_post_title":"","_kad_post_layout":"","_kad_post_sidebar_id":"","_kad_post_content_style":"","_kad_post_vertical_padding":"","_kad_post_feature":"","_kad_post_feature_position":"","_kad_post_header":false,"_kad_post_footer":false,"_kad_post_classname":"","jetpack_post_was_ever_published":false},"product_brand":[],"product_cat":[17],"product_tag":[],"class_list":{"0":"post-28","1":"product","2":"type-product","3":"status-publish","4":"has-post-thumbnail","6":"product_cat-ksiazka","8":"first","9":"instock","10":"taxable","11":"shipping-taxable","12":"purchasable","13":"product-type-simple","14":"entry","15":"content-bg","16":"loop-entry"},"jetpack_sharing_enabled":true,"_links":{"self":[{"href":"https:\/\/dzieckozwyzwaniem.pl\/index.php?rest_route=\/wp\/v2\/product\/28","targetHints":{"allow":["GET"]}}],"collection":[{"href":"https:\/\/dzieckozwyzwaniem.pl\/index.php?rest_route=\/wp\/v2\/product"}],"about":[{"href":"https:\/\/dzieckozwyzwaniem.pl\/index.php?rest_route=\/wp\/v2\/types\/product"}],"replies":[{"embeddable":true,"href":"https:\/\/dzieckozwyzwaniem.pl\/index.php?rest_route=%2Fwp%2Fv2%2Fcomments&post=28"}],"wp:featuredmedia":[{"embeddable":true,"href":"https:\/\/dzieckozwyzwaniem.pl\/index.php?rest_route=\/wp\/v2\/media\/180"}],"wp:attachment":[{"href":"https:\/\/dzieckozwyzwaniem.pl\/index.php?rest_route=%2Fwp%2Fv2%2Fmedia&parent=28"}],"wp:term":[{"taxonomy":"product_brand","embeddable":true,"href":"https:\/\/dzieckozwyzwaniem.pl\/index.php?rest_route=%2Fwp%2Fv2%2Fproduct_brand&post=28"},{"taxonomy":"product_cat","embeddable":true,"href":"https:\/\/dzieckozwyzwaniem.pl\/index.php?rest_route=%2Fwp%2Fv2%2Fproduct_cat&post=28"},{"taxonomy":"product_tag","embeddable":true,"href":"https:\/\/dzieckozwyzwaniem.pl\/index.php?rest_route=%2Fwp%2Fv2%2Fproduct_tag&post=28"}],"curies":[{"name":"wp","href":"https:\/\/api.w.org\/{rel}","templated":true}]}}